{"id":217,"date":"2024-01-10T20:09:25","date_gmt":"2024-01-10T19:09:25","guid":{"rendered":"https:\/\/endospory-cms.asp.katowice.pl\/archive\/"},"modified":"2024-01-10T20:10:49","modified_gmt":"2024-01-10T19:10:49","slug":"archive","status":"publish","type":"page","link":"https:\/\/endospory-cms.asp.katowice.pl\/en\/archive\/","title":{"rendered":"Archive"},"content":{"rendered":"\n<p>Introduction \/ job description for a few lines. You will probably need to ostylate the bullet points \/ calculations? and links. Tasks are to be published on social media and here we will hook up a gallery from instagram.<\/p>\n\n<div class=\"wp-block-columns is-layout-flex wp-container-core-columns-is-layout-28f84493 wp-block-columns-is-layout-flex\">\n<div class=\"wp-block-column is-layout-flow wp-block-column-is-layout-flow\" style=\"flex-basis:33.33%\">\n<figure class=\"wp-block-image size-large\"><img decoding=\"async\" src=\"https:\/\/endospory-cms.asp.katowice.pl\/wp-content\/uploads\/2023\/12\/lichtenstein.svg\" alt=\"\" class=\"wp-image-101\"\/><\/figure><\/div>\n\n\n\n<div class=\"wp-block-column is-layout-flow wp-block-column-is-layout-flow\" style=\"flex-basis:66.66%\">\n<figure class=\"wp-block-image size-large\"><img decoding=\"async\" src=\"https:\/\/endospory-cms.asp.katowice.pl\/wp-content\/uploads\/2023\/12\/gzm.svg\" alt=\"\" class=\"wp-image-100\"\/><\/figure><\/div>\n<\/div>\n\n<div class=\"wp-block-columns is-layout-flex wp-container-core-columns-is-layout-28f84493 wp-block-columns-is-layout-flex\">\n<div class=\"wp-block-column is-layout-flow wp-block-column-is-layout-flow\">\n<p class=\"about\">The project &#8220;Art Beyond Art. Post-Artistic Practices in the Twentieth and Twenty-First Centuries&#8221; benefits from a \u20ac79,860.00 grant from Iceland, Liechtenstein and Norway under the EEA Funds. The goal of the project is to foster creativity, active participation and emancipation through the construction and implementation of an inspiring educational program based on partnership and involvement of local communities and institutions in the field of art and design.<\/p>\n\n\n\n<h2 class=\"wp-block-heading\">Disclaimer<\/h2>\n<\/div>\n\n\n\n<div class=\"wp-block-column is-layout-flow wp-block-column-is-layout-flow\">\n<p class=\"about\">The project &#8220;Art Beyond Art. Post-Artistic Practices in the Twentieth and Twenty-First Centuries&#8221; was subsidized by the Upper Silesian &#8211; Zag\u0142\u0119bie Metropolis within the framework of the Program &#8220;Metropolitan Fund for the Support of Science in 2022-2024&#8221;.<\/p>\n<\/div>\n<\/div>\n\n<p>Antyfaszyzm jest obecny w sztuce od dawna &#8211; tak d\u0142ugo, jak istnieje ruch antyfaszystowski. Osoby tw\u00f3rcze ju\u017c na pocz\u0105tku XX wieku si\u0119ga\u0142y po narz\u0119dzia artystyczne, \u017ceby wyra\u017ca\u0107 sprzeciw i stawia\u0107 op\u00f3r wobec polityk faszystowskich i robi\u0105 to do dzi\u015b. Niestety, nie jest to wiedza powszechna, nie znajdziemy wielu opracowa\u0144, ksi\u0105\u017cek, czy wystaw na ten temat. <\/p>\n\n<h2 class=\"wp-block-heading\">Disclaimer<\/h2>\n\n<p>Antyfaszyzm jest obecny w sztuce od dawna &#8211; tak d\u0142ugo, jak istnieje ruch antyfaszystowski. Osoby tw\u00f3rcze ju\u017c na pocz\u0105tku XX wieku si\u0119ga\u0142y po narz\u0119dzia artystyczne, \u017ceby wyra\u017ca\u0107 sprzeciw i stawia\u0107 op\u00f3r wobec polityk faszystowskich i robi\u0105 to do dzi\u015b. Niestety, nie jest to wiedza powszechna, nie znajdziemy wielu opracowa\u0144, ksi\u0105\u017cek, czy wystaw na ten temat. <\/p>\n","protected":false},"excerpt":{"rendered":"<p>Introduction \/ job description for a few lines. You will probably need to ostylate the bullet points \/ calculations? and links. Tasks are to be published on social media and here we will hook up a gallery from instagram. The project &#8220;Art Beyond Art. Post-Artistic Practices in the Twentieth and Twenty-First Centuries&#8221; benefits from a [&hellip;]<\/p>\n","protected":false},"author":1,"featured_media":0,"parent":0,"menu_order":0,"comment_status":"closed","ping_status":"closed","template":"","meta":{"inline_featured_image":false,"footnotes":""},"class_list":["post-217","page","type-page","status-publish","hentry"],"acf":[],"_links":{"self":[{"href":"https:\/\/endospory-cms.asp.katowice.pl\/en\/wp-json\/wp\/v2\/pages\/217","targetHints":{"allow":["GET"]}}],"collection":[{"href":"https:\/\/endospory-cms.asp.katowice.pl\/en\/wp-json\/wp\/v2\/pages"}],"about":[{"href":"https:\/\/endospory-cms.asp.katowice.pl\/en\/wp-json\/wp\/v2\/types\/page"}],"author":[{"embeddable":true,"href":"https:\/\/endospory-cms.asp.katowice.pl\/en\/wp-json\/wp\/v2\/users\/1"}],"replies":[{"embeddable":true,"href":"https:\/\/endospory-cms.asp.katowice.pl\/en\/wp-json\/wp\/v2\/comments?post=217"}],"version-history":[{"count":1,"href":"https:\/\/endospory-cms.asp.katowice.pl\/en\/wp-json\/wp\/v2\/pages\/217\/revisions"}],"predecessor-version":[{"id":218,"href":"https:\/\/endospory-cms.asp.katowice.pl\/en\/wp-json\/wp\/v2\/pages\/217\/revisions\/218"}],"wp:attachment":[{"href":"https:\/\/endospory-cms.asp.katowice.pl\/en\/wp-json\/wp\/v2\/media?parent=217"}],"curies":[{"name":"wp","href":"https:\/\/api.w.org\/{rel}","templated":true}]}}